{"id":14,"date":"2015-11-02T04:24:39","date_gmt":"2015-11-02T04:24:39","guid":{"rendered":"http:\/\/www.evo.inf.br\/site\/?page_id=14"},"modified":"2015-11-02T05:48:20","modified_gmt":"2015-11-02T05:48:20","slug":"servicos","status":"publish","type":"page","link":"http:\/\/www.evo.inf.br\/site\/servicos\/","title":{"rendered":"SERVI\u00c7OS"},"content":{"rendered":"<h3 style=\"text-align: justify;\"><span style=\"color: #ff0000;\">SEU COMPUTADOR N\u00c3O EST\u00c1 FUNCIONANDO CORRETAMENTE ?<br \/>\nTEMOS A SOLU\u00c7\u00c3O!<\/span><\/h3>\n<p style=\"text-align: justify;\">Sistema operacional travando ou n\u00e3o abre, equipamento n\u00e3o responde aos comandos, tela escura, tela preta, tela n\u00e3o acende, tela branca; teclado falhando, teclas travadas ou repetindo acionamento, touchpad n\u00e3o funciona ou falhando; carca\u00e7a quebrada devido queda, notebook caiu no ch\u00e3o e parou, n\u00e3o lendo m\u00eddia CD ou DVD com m\u00fasica, foto, v\u00eddeo, jogo ou software, computador com v\u00edrus, computador n\u00e3o liga ou desligando.<\/p>\n<h3>Principais Servi\u00e7os:<\/h3>\n<ul class=\"list type-3\">\n<li>Consultoria e Suporte T\u00e9cnico em Inform\u00e1tica.<\/li>\n<li>Manuten\u00e7\u00e3o de Computadores e Notebooks.<\/li>\n<li>Conserto de Impressoras e Monitores.<\/li>\n<li>Manuten\u00e7\u00e3o e Administra\u00e7\u00e3o de Redes.<\/li>\n<li>Instala\u00e7\u00e3o e Configura\u00e7\u00e3o de Redes sem Fio (WiFi).<\/li>\n<li>Instala\u00e7\u00e3o de Sistemas Operacionais Windows e Linux.<\/li>\n<li>Formata\u00e7\u00e3o Completa e Reinstala\u00e7\u00e3o de Programas.<\/li>\n<li>Remo\u00e7\u00e3o de V\u00edrus e Outros Programas Maliciosos.<\/li>\n<li>Venda e Montagem de Equipamentos.<\/li>\n<\/ul>\n<p style=\"text-align: justify;\"><strong>\u00a0<\/strong><\/p>\n<p>&nbsp;<\/p>\n","protected":false},"excerpt":{"rendered":"<p>SEU COMPUTADOR N\u00c3O EST\u00c1 FUNCIONANDO CORRETAMENTE ? TEMOS A SOLU\u00c7\u00c3O! Sistema operacional travando ou n\u00e3o abre, equipamento n\u00e3o responde aos comandos, tela escura, tela preta, tela n\u00e3o acende, tela branca; teclado falhando, teclas travadas ou repetindo acionamento, touchpad n\u00e3o funciona ou falhando; carca\u00e7a quebrada devido queda, notebook caiu no ch\u00e3o e parou, n\u00e3o lendo m\u00eddia [&hellip;]<\/p>\n","protected":false},"author":2,"featured_media":0,"parent":0,"menu_order":0,"comment_status":"closed","ping_status":"closed","template":"","meta":{"footnotes":""},"class_list":["post-14","page","type-page","status-publish","hentry"],"_links":{"self":[{"href":"http:\/\/www.evo.inf.br\/site\/wp-json\/wp\/v2\/pages\/14","targetHints":{"allow":["GET"]}}],"collection":[{"href":"http:\/\/www.evo.inf.br\/site\/wp-json\/wp\/v2\/pages"}],"about":[{"href":"http:\/\/www.evo.inf.br\/site\/wp-json\/wp\/v2\/types\/page"}],"author":[{"embeddable":true,"href":"http:\/\/www.evo.inf.br\/site\/wp-json\/wp\/v2\/users\/2"}],"replies":[{"embeddable":true,"href":"http:\/\/www.evo.inf.br\/site\/wp-json\/wp\/v2\/comments?post=14"}],"version-history":[{"count":7,"href":"http:\/\/www.evo.inf.br\/site\/wp-json\/wp\/v2\/pages\/14\/revisions"}],"predecessor-version":[{"id":45,"href":"http:\/\/www.evo.inf.br\/site\/wp-json\/wp\/v2\/pages\/14\/revisions\/45"}],"wp:attachment":[{"href":"http:\/\/www.evo.inf.br\/site\/wp-json\/wp\/v2\/media?parent=14"}],"curies":[{"name":"wp","href":"https:\/\/api.w.org\/{rel}","templated":true}]}}