{"id":12,"date":"2015-11-02T04:24:05","date_gmt":"2015-11-02T04:24:05","guid":{"rendered":"http:\/\/www.evo.inf.br\/site\/?page_id=12"},"modified":"2015-11-02T06:39:17","modified_gmt":"2015-11-02T06:39:17","slug":"quem-somos","status":"publish","type":"page","link":"http:\/\/www.evo.inf.br\/site\/quem-somos\/","title":{"rendered":"QUEM SOMOS"},"content":{"rendered":"<p style=\"text-align: justify;\">A EVO Inform\u00e1tica conta com uma hist\u00f3ria de mais de 18 anos, sempre orientada para a presta\u00e7\u00e3o de servi\u00e7os t\u00e9cnicos na \u00e1rea de inform\u00e1tica.<br \/>\nOferecemos um conjunto completo de solu\u00e7\u00f5es, desde assist\u00eancia t\u00e9cnica de notebooks, desktops, impressoras e monitores das principais marcas do mercado, at\u00e9 a venda de equipamentos e servi\u00e7os de suporte t\u00e9cnico.<\/p>\n<p>O objetivo da EVO Inform\u00e1tica \u00e9 ser um centro completo de solu\u00e7\u00f5es e servi\u00e7os em inform\u00e1tica para empresas, profissionais liberais e usu\u00e1rios dom\u00e9sticos. Ou seja, oferecer resposta a todas as necessidades de hardware, software, acess\u00f3rios e suporte a nossos clientes.<\/p>\n<p>&nbsp;<\/p>\n","protected":false},"excerpt":{"rendered":"<p>A EVO Inform\u00e1tica conta com uma hist\u00f3ria de mais de 18 anos, sempre orientada para a presta\u00e7\u00e3o de servi\u00e7os t\u00e9cnicos na \u00e1rea de inform\u00e1tica. Oferecemos um conjunto completo de solu\u00e7\u00f5es, desde assist\u00eancia t\u00e9cnica de notebooks, desktops, impressoras e monitores das principais marcas do mercado, at\u00e9 a venda de equipamentos e servi\u00e7os de suporte t\u00e9cnico. O [&hellip;]<\/p>\n","protected":false},"author":2,"featured_media":0,"parent":0,"menu_order":0,"comment_status":"closed","ping_status":"closed","template":"","meta":{"footnotes":""},"class_list":["post-12","page","type-page","status-publish","hentry"],"_links":{"self":[{"href":"http:\/\/www.evo.inf.br\/site\/wp-json\/wp\/v2\/pages\/12","targetHints":{"allow":["GET"]}}],"collection":[{"href":"http:\/\/www.evo.inf.br\/site\/wp-json\/wp\/v2\/pages"}],"about":[{"href":"http:\/\/www.evo.inf.br\/site\/wp-json\/wp\/v2\/types\/page"}],"author":[{"embeddable":true,"href":"http:\/\/www.evo.inf.br\/site\/wp-json\/wp\/v2\/users\/2"}],"replies":[{"embeddable":true,"href":"http:\/\/www.evo.inf.br\/site\/wp-json\/wp\/v2\/comments?post=12"}],"version-history":[{"count":5,"href":"http:\/\/www.evo.inf.br\/site\/wp-json\/wp\/v2\/pages\/12\/revisions"}],"predecessor-version":[{"id":44,"href":"http:\/\/www.evo.inf.br\/site\/wp-json\/wp\/v2\/pages\/12\/revisions\/44"}],"wp:attachment":[{"href":"http:\/\/www.evo.inf.br\/site\/wp-json\/wp\/v2\/media?parent=12"}],"curies":[{"name":"wp","href":"https:\/\/api.w.org\/{rel}","templated":true}]}}